{"id":38,"date":"2022-08-13T13:48:53","date_gmt":"2022-08-13T13:48:53","guid":{"rendered":"https:\/\/cronicaconquistagranada.tindeka.com\/?page_id=38"},"modified":"2022-08-13T19:12:05","modified_gmt":"2022-08-13T19:12:05","slug":"capitulo-ii-los-reyes-catolicos-envian-a-pedir-el-tributo-al-moro-lo-que-este-contesto-y-como-quebranto-la-tregua","status":"publish","type":"page","link":"https:\/\/cronicaconquistagranada.tindeka.com\/index.php\/capitulo-ii-los-reyes-catolicos-envian-a-pedir-el-tributo-al-moro-lo-que-este-contesto-y-como-quebranto-la-tregua\/","title":{"rendered":"CAP\u00cdTULO II.  Los Reyes Cat\u00f3licos env\u00edan a pedir el tributo al moro: lo que \u00e9ste contest\u00f3, y como quebrant\u00f3 la tregua."},"content":{"rendered":"\n<p>En el a\u00f1o de 1478, lleg\u00f3 a las puertas de Granada un caballero espa\u00f1ol de orgulloso porte y muy noble presencia, que venia como Embajador de los Reyes Cat\u00f3licos, para reclamar los atrasos del tributo. Llam\u00e1base don Juan de Vera, y era un devoto y celoso caballero, lleno de ardor por la fe y de lealtad por la corona. Venia perfectamente montado y armado de todas piezas, y le segu\u00eda una comitiva corta, pero bien apercibida.<\/p>\n\n\n\n<p><br>Miraban los habitantes moros a esta peque\u00f1a, pero lucida muestra de la nobleza castellana, con una mezcla de curiosidad y ce\u00f1o, al verla entrar por la famosa puerta de Elvira, con aquella gravedad y se\u00f1or\u00edo que distinguen a los caballeros espa\u00f1oles. Y mirando el gentil continente y fuerte contextura f\u00edsica de don Juan, que le hac\u00edan apto para las mas arduas empresas militares, se figuraban que vendr\u00eda para ganar renombre y fama compitiendo con los caballeros granadinos en los torneos \u00f3 en los juegos de ca\u00f1as, por los cuales eran tan celebrados; pues en los intervalos de la guerra, sol\u00edan todav\u00eda los guerreros de las dos naciones entretenerse juntos en estos ejercicios caballerescos. Pero cuando entendieron que su venida era para pedir el tributo tan odiado de su fogoso Monarca, dijeron que bien era menester un caballero de tanto valor y esfuerzo como este manifestaba, para venir con una embajada semejante.<br><\/p>\n\n\n\n<p>Sentado bajo de un dosel magn\u00edfico, y rodeado de los grandes del reino, recibi\u00f3 Muley Aben Hazen a don Juan de Vera en el sal\u00f3n de Embajadores, uno de los mas suntuosos de la Alhambra. Expuso el espa\u00f1ol el objeto de su misi\u00f3n; y habiendo concluido, le dijo el soberbio Monarca con semblante airado y tono desde\u00f1oso: \u201cId, y decid a vuestros soberanos, que ya murieron los Reyes de Granada que pagaban tributo a los cristianos; y que en Granada no se labra sino alfanjes y hierros de lanza contra nuestros enemigos.\u201d <sup><a href=\"#footnote_0_38\" id=\"identifier_0_38\" class=\"footnote-link footnote-identifier-link\" title=\"(Garibay, comp. lib. XL. cap. 29. Conde, Historia de los &aacute;rabes, p. IV. cap. 34.\">1<\/a><\/sup>)<\/p>\n\n\n\n<p><\/p>\n\n\n\n<p>Con esta respuesta, mensajera de una guerra cruel, volvi\u00f3 el Embajador castellano a la presencia de su Monarca.<\/p>\n\n\n\n<p>En el corto espacio que permanecieron en Granada, tuvieron lugar don Juan y sus compa\u00f1eros de reconocer, como inteligentes y pr\u00e1cticos, las fuerzas y situaci\u00f3n del moro. Notaron que estaba bien apercibido para la guerra; que las murallas, fuertes y bien torreadas, estaban guarnecidas de lombardas y otras piezas de artiller\u00eda; que los almacenes estaban bien provistos de municiones y pertrechos de guerra; que hab\u00eda una infanter\u00eda numeros\u00edsima, y muchos escuadrones de caballer\u00eda, prontos a entrar en campa\u00f1a y, capaces no solo de hacer la guerra en la defensiva, sino de llevarla a las puertas del enemigo. Todo esto vieron nuestros guerreros sin arredrarse, antes se felicitaron de haber hallado un contrario tan digno de ellos; y esta consideraci\u00f3n servia de est\u00edmulo a su valor. <\/p>\n\n\n\n<p>Al pasar por las calles de Granada, cuando sal\u00edan de la ciudad, miraban en derredor de s\u00ed, e \u00edbanseles los ojos tras de tanto objeto como excitaba su codicia. Ve\u00edan aquellos suntuosos palacios y magn\u00edficas mezquitas, aquella alcaicer\u00eda \u00f3 mercado, tan abundante de sedas, de telas de oro y plata, de joyas, de piedras preciosas y de una variedad inmensa de g\u00e9neros de mucho precio y lujo, tra\u00eddos de los mas remotos climas, y deseaban con impaciencia llegase la hora en que todas estas riquezas fuesen despojos de sus soldados, y en que, postrada la media luna, tremolase en su lugar el estandarte de la cruz.<br><\/p>\n\n\n\n<p>Iba don Juan de Vera atravesando lentamente el pa\u00eds con direcci\u00f3n a la frontera, y no ve\u00eda pueblo que no estuviese bien fortificado: toda la vega estaba sembrada de torres, que serv\u00edan de asilo a las gentes del campo: en las monta\u00f1as, todos los pasos se hallaban defendidos con castillos, y todos los cerros ten\u00edan sus atalayas. Al pasar bajo los muros de estas fortalezas, ve\u00edan se relumbrar desde los adarves las lanzas y cimitarras de los moros, y el feroz centinela parec\u00eda lanzar miradas de odio y enemistad a los cristianos. Era evidente que de romperse la guerra con esta naci\u00f3n, se seguir\u00eda una larga y sangrienta lucha, llena de trances peligrosos y de empresas arduas; una lucha, en fin, en que el terreno se ganar\u00eda a palmos, y con sudor y sangre; y solo podr\u00eda conservarse con suma dificultad. Pero esto mismo inflam\u00f3 el esp\u00edritu guerrero de los castellanos, y ya se les hacia tarde que empezasen las hostilidades.<br><\/p>\n\n\n\n<p>Al desafi\u00f3 del fogoso Monarca moro, hubieran contestado desde luego los Reyes Cat\u00f3licos con el estruendo de su artiller\u00eda; pero se hallaban a la saz\u00f3n empe\u00f1ados en una guerra con Portugal, y ocupados en  deshacer una facci\u00f3n de los grandes de su mismo reino. As\u00ed, pues, se permiti\u00f3 continuase la tregua, que por tantos a\u00f1os hab\u00eda subsistido entre las dos naciones; reserv\u00e1ndose el cauto Fernando la resistencia de los moros a pagar tributo, como un motivo fundado para hacerles la guerra en el momento que se presentase una ocasi\u00f3n favorable.<br><\/p>\n\n\n\n<p>Al cabo de tres a\u00f1os termin\u00f3 la guerra con Portugal, y qued\u00f3 sosegada en gran parte la facci\u00f3n de los nobles de Castilla. Trataron entonces Fernando e Isabel de realizar el proyecto, que desde la uni\u00f3n de sus dos coronas hab\u00eda sido el grande objeto de su plausible ambici\u00f3n, a saber: la conquista de Granada, y la extirpaci\u00f3n del dominio de los moros en Espa\u00f1a. Para este fin determin\u00f3 Fernando hacer la guerra con detenimiento y precauci\u00f3n; y perseverar en ella, quitando al enemigo, uno despu\u00e9s de otro, sus castillos y fortalezas, hasta dejarle enteramente sin apoyo, para acometer entonces la capital. A este intento dijo el prudente Rey: \u201cUno a uno he de sacar los granos a esta Granada.\u201d<br><\/p>\n\n\n\n<p>No se ocultaban a Muley Aben Hazen las intenciones hostiles del Cat\u00f3lico Monarca; pero confiaba en los medios que tenia para resistirle. En el discurso de un reinado tranquilo, hab\u00eda juntado grandes caudales y puesto en estado de defensa todas las plazas del reino: hab\u00eda sacado de Berber\u00eda cuerpos numerosos de tropas auxiliares, y se hab\u00eda concertado con los pr\u00edncipes de \u00c1frica, para que en caso urgente le enviasen nuevos socorros. Tenia en sus vasallos soldados aguerridos y de gran coraz\u00f3n, cuyos hechos no desment\u00edan la opini\u00f3n de que gozaban. Avezados a los trabajos de la guerra, sab\u00edan sufrir el hambre, la sed, el cansancio y la desnudez; montaban primorosamente, y lo mismo peleaban a pi\u00e9 que a caballo, lo mismo armados de todas piezas que a la jineta, \u00f3 a la ligera, con solo lanza y adarga. Obedientes a la voz del Soberano, campeaban a la primera intimaci\u00f3n, y defend\u00edan con tenacidad sus pueblos y posesiones.<br>Hall\u00e1ndose tan apercibido para la guerra, resolvi\u00f3 Muley Aben Hazen anticiparse a Fernando, y dar el primer golpe. En la tregua que subsist\u00eda hab\u00eda una cl\u00e1usula singular, y era, que se pod\u00eda acometer cualquier castillo, y hacerse unos a otros correr\u00edas y cabalgadas, siempre que no se asentase real, ni fuesen con banderas tendidas, ni con sonido de trompeta, sino de improviso y con estratagema, y que esto no durase mas de tres d\u00edas.<sup><a href=\"#footnote_1_38\" id=\"identifier_1_38\" class=\"footnote-link footnote-identifier-link\" title=\"(Zurita, Anales de Aragon: lib. XX. cap. 41. Mariana, Historia de Espa&ntilde;a: lib. XXV. cap. 1.&ordm;\">2<\/a><\/sup>) De aqu\u00ed se originaron tantas empresas tan temerarias y peregrinas, en que se asaltaban y sorprend\u00edan tantos castillos y lugares fuertes. Pero hacia ya mucho tiempo que por parte de los moros no se hab\u00eda cometido ning\u00fan exceso de este g\u00e9nero, y por esta causa los pueblos fronterizos de los cristianos no se guardaban con la debida vigilancia.<br><\/p>\n\n\n\n<p>Deseando estaba Muley Aben Hazen saltear alguna villa, cuando se le dio aviso que la Zahara, por el descuido de su alcaide, se hallaba a mal recado, mal abastecida y con corta guarnici\u00f3n. <\/p>\n\n\n\n<figure class=\"wp-block-image size-large\"><img loading=\"lazy\" decoding=\"async\" width=\"1024\" height=\"556\" src=\"https:\/\/cronicaconquistagranada.tindeka.com\/wp-content\/uploads\/2022\/08\/zahara-de-la-sierra-y-reino-de-granada-1024x556.png\" alt=\"\" class=\"wp-image-44\" srcset=\"https:\/\/cronicaconquistagranada.tindeka.com\/wp-content\/uploads\/2022\/08\/zahara-de-la-sierra-y-reino-de-granada-1024x556.png 1024w, https:\/\/cronicaconquistagranada.tindeka.com\/wp-content\/uploads\/2022\/08\/zahara-de-la-sierra-y-reino-de-granada-300x163.png 300w, https:\/\/cronicaconquistagranada.tindeka.com\/wp-content\/uploads\/2022\/08\/zahara-de-la-sierra-y-reino-de-granada-768x417.png 768w, https:\/\/cronicaconquistagranada.tindeka.com\/wp-content\/uploads\/2022\/08\/zahara-de-la-sierra-y-reino-de-granada.png 1045w\" sizes=\"auto, (max-width: 1024px) 100vw, 1024px\" \/><figcaption>Zahara de la Sierra hab\u00eda sido conquistada por los cristianos en 1407 y se encontraba muy pr\u00f3xima a la frontera. Fuente Wikicomons.<\/figcaption><\/figure>\n\n\n\n<p>Esta importante fortaleza, estaba situada sobre un escarpado cerro entre Ronda y Medina Sidonia, y la dominaba un castillo encaramado en un pe\u00f1asco tan alto, que se dec\u00eda descollaba entre las nubes, y que las aves no alcanzaban a remontar hasta all\u00ed el vuelo. Las calles y muchas de las casas, no eran mas que excavaciones labradas en la pe\u00f1a viva. <\/p>\n\n\n\n<figure class=\"wp-block-image size-full\"><img loading=\"lazy\" decoding=\"async\" width=\"936\" height=\"569\" src=\"https:\/\/cronicaconquistagranada.tindeka.com\/wp-content\/uploads\/2022\/08\/imagen-historica-de-zahara-de-la-sierra.png\" alt=\"\" class=\"wp-image-45\" srcset=\"https:\/\/cronicaconquistagranada.tindeka.com\/wp-content\/uploads\/2022\/08\/imagen-historica-de-zahara-de-la-sierra.png 936w, https:\/\/cronicaconquistagranada.tindeka.com\/wp-content\/uploads\/2022\/08\/imagen-historica-de-zahara-de-la-sierra-300x182.png 300w, https:\/\/cronicaconquistagranada.tindeka.com\/wp-content\/uploads\/2022\/08\/imagen-historica-de-zahara-de-la-sierra-768x467.png 768w\" sizes=\"auto, (max-width: 936px) 100vw, 936px\" \/><figcaption>Zahara de la Sierra hacia  el final de la Edad Media.  <\/figcaption><\/figure>\n\n\n\n<figure class=\"wp-block-image size-full\"><img loading=\"lazy\" decoding=\"async\" width=\"667\" height=\"375\" src=\"https:\/\/cronicaconquistagranada.tindeka.com\/wp-content\/uploads\/2022\/08\/vista-Zahara-Sierra-pantano-fondo_1450965232_119204113_667x375.jpg\" alt=\"\" class=\"wp-image-48\" srcset=\"https:\/\/cronicaconquistagranada.tindeka.com\/wp-content\/uploads\/2022\/08\/vista-Zahara-Sierra-pantano-fondo_1450965232_119204113_667x375.jpg 667w, https:\/\/cronicaconquistagranada.tindeka.com\/wp-content\/uploads\/2022\/08\/vista-Zahara-Sierra-pantano-fondo_1450965232_119204113_667x375-300x169.jpg 300w\" sizes=\"auto, (max-width: 667px) 100vw, 667px\" \/><figcaption>Zahara de la Sierra en la actualidad.  El lago que se ve al fondo no exist\u00eda hasta que en 1993 se concluy\u00f3 una presa para acumular las aguas del r\u00edo Guadalete.<\/figcaption><\/figure>\n\n\n\n<figure class=\"wp-block-image size-full\"><img loading=\"lazy\" decoding=\"async\" width=\"621\" height=\"621\" src=\"https:\/\/cronicaconquistagranada.tindeka.com\/wp-content\/uploads\/2022\/08\/zahara-de-la-sierra-embalse-primer-plano.jpeg\" alt=\"\" class=\"wp-image-50\" srcset=\"https:\/\/cronicaconquistagranada.tindeka.com\/wp-content\/uploads\/2022\/08\/zahara-de-la-sierra-embalse-primer-plano.jpeg 621w, https:\/\/cronicaconquistagranada.tindeka.com\/wp-content\/uploads\/2022\/08\/zahara-de-la-sierra-embalse-primer-plano-300x300.jpeg 300w, https:\/\/cronicaconquistagranada.tindeka.com\/wp-content\/uploads\/2022\/08\/zahara-de-la-sierra-embalse-primer-plano-150x150.jpeg 150w\" sizes=\"auto, (max-width: 621px) 100vw, 621px\" \/><figcaption>Otro vista de Zahara de la Sierra en la actualidad en la que se intuye la inexpugnabilidad de su castillo referida por las fuentes hist\u00f3ricas.<\/figcaption><\/figure>\n\n\n\n<p>La poblaci\u00f3n tenia una sola puerta, la cual miraba a poniente, y estaba defendida con sus torres y almenas. La \u00fanica subida a este empinado castillo, era por un sendero cortado en la misma roca, y tan fragoso en algunas partes, que parec\u00eda una escalera desmoronada. <\/p>\n\n\n\n<p>Tal era Zahara, que por su situaci\u00f3n y fuerza parec\u00eda pod\u00eda burlarse de cuantas tentativas se hiciesen para tomarla; y esto se tenia por tan cierto, que dio motivo a que a las mujeres de una virtud severa e inaccesibles las llamasen Zahare\u00f1as. Pero ni la plaza mas fuerte, ni la virtud mas austera, dejan de tener alg\u00fan lado d\u00e9bil, por lo que han menester la mayor vigilancia para guardarse. Est\u00e9n, pues, sobre aviso las damas y los guerreros, y escarmienten con la suerte de Zahara.<\/p>\n<ol class=\"footnotes\"><li id=\"footnote_0_38\" class=\"footnote\">(Garibay, comp. lib. XL. cap. 29. Conde, Historia de los \u00e1rabes, p. IV. cap. 34.<span class=\"footnote-back-link-wrapper\">[<a href=\"#identifier_0_38\" class=\"footnote-link footnote-back-link\">&#8617;<\/a>]<\/span><\/li><li id=\"footnote_1_38\" class=\"footnote\">(Zurita, Anales de Aragon: lib. XX. cap. 41. Mariana, Historia de Espa\u00f1a: lib. XXV. cap. 1.\u00ba<span class=\"footnote-back-link-wrapper\">[<a href=\"#identifier_1_38\" class=\"footnote-link footnote-back-link\">&#8617;<\/a>]<\/span><\/li><\/ol>","protected":false},"excerpt":{"rendered":"<p>En el a\u00f1o de 1478, lleg\u00f3 a las puertas de Granada un caballero espa\u00f1ol de orgulloso porte y muy noble presencia, que venia como Embajador de los Reyes Cat\u00f3licos, para reclamar los atrasos del tributo. Llam\u00e1base don Juan de Vera, y era un devoto y celoso caballero, lleno de ardor por la fe y de [&hellip;]<\/p>\n","protected":false},"author":1,"featured_media":0,"parent":0,"menu_order":0,"comment_status":"closed","ping_status":"closed","template":"","meta":{"footnotes":""},"class_list":["post-38","page","type-page","status-publish","hentry"],"_links":{"self":[{"href":"https:\/\/cronicaconquistagranada.tindeka.com\/index.php\/wp-json\/wp\/v2\/pages\/38","targetHints":{"allow":["GET"]}}],"collection":[{"href":"https:\/\/cronicaconquistagranada.tindeka.com\/index.php\/wp-json\/wp\/v2\/pages"}],"about":[{"href":"https:\/\/cronicaconquistagranada.tindeka.com\/index.php\/wp-json\/wp\/v2\/types\/page"}],"author":[{"embeddable":true,"href":"https:\/\/cronicaconquistagranada.tindeka.com\/index.php\/wp-json\/wp\/v2\/users\/1"}],"replies":[{"embeddable":true,"href":"https:\/\/cronicaconquistagranada.tindeka.com\/index.php\/wp-json\/wp\/v2\/comments?post=38"}],"version-history":[{"count":9,"href":"https:\/\/cronicaconquistagranada.tindeka.com\/index.php\/wp-json\/wp\/v2\/pages\/38\/revisions"}],"predecessor-version":[{"id":51,"href":"https:\/\/cronicaconquistagranada.tindeka.com\/index.php\/wp-json\/wp\/v2\/pages\/38\/revisions\/51"}],"wp:attachment":[{"href":"https:\/\/cronicaconquistagranada.tindeka.com\/index.php\/wp-json\/wp\/v2\/media?parent=38"}],"curies":[{"name":"wp","href":"https:\/\/api.w.org\/{rel}","templated":true}]}}